{"id":17,"date":"2018-12-14T10:18:38","date_gmt":"2018-12-14T10:18:38","guid":{"rendered":"http:\/\/itnav.hu\/allasoldalak\/?page_id=17"},"modified":"2025-04-17T08:41:13","modified_gmt":"2025-04-17T08:41:13","slug":"allasoldalaink-listaja","status":"publish","type":"page","link":"https:\/\/itnav.hu\/allasoldalak\/allasoldalaink-listaja\/","title":{"rendered":"\u00c1ll\u00e1soldalaink list\u00e1ja"},"content":{"rendered":"\r\n<div class=\"row\">\r\n<div class=\"col-md-4\"><a href=\"https:\/\/abonyallas.hu\" target=\"_blank\" rel=\"nofollow noopener\">abonyallas.hu<\/a><br \/><a href=\"https:\/\/ajkaallas.hu\" target=\"_blank\" rel=\"nofollow noopener\">ajkaallas.hu<\/a><br \/><a href=\"https:\/\/albertirsaallas.hu\" target=\"_blank\" rel=\"nofollow noopener\">albertirsaallas.hu<\/a><br \/><a href=\"https:\/\/allasorias.hu\" target=\"_blank\" rel=\"nofollow noopener\">allasorias.hu<\/a><br \/><a href=\"https:\/\/angliaallas.hu\" target=\"_blank\" rel=\"nofollow noopener\">angliaallas.hu<\/a><br \/><a href=\"https:\/\/aszodallas.hu\" target=\"_blank\" rel=\"nofollow noopener\">aszodallas.hu<\/a><br \/><a href=\"https:\/\/ausztriaallas.hu\" target=\"_blank\" rel=\"nofollow noopener\">ausztriaallas.hu<\/a><br \/><a href=\"https:\/\/bajaallas.hu\" target=\"_blank\" rel=\"nofollow noopener\">bajaallas.hu<\/a><br \/><a href=\"https:\/\/balassagyarmatallas.hu\" target=\"_blank\" rel=\"nofollow noopener\">balassagyarmatallas.hu<\/a><br \/><a href=\"https:\/\/balatonalmadiallas.hu\" target=\"_blank\" rel=\"nofollow noopener\">balatonalmadiallas.hu<\/a><br \/><a href=\"https:\/\/balatonboglarallas.hu\" target=\"_blank\" rel=\"nofollow noopener\">balatonboglarallas.hu<\/a><br \/><a href=\"https:\/\/balatonfuredallas.hu\" target=\"_blank\" rel=\"nofollow noopener\">balatonfuredallas.hu<\/a><br \/><a href=\"https:\/\/balmazujvarosallas.hu\" target=\"_blank\" rel=\"nofollow noopener\">balmazujvarosallas.hu<\/a><br \/><a href=\"https:\/\/barcsallas.hu\" target=\"_blank\" rel=\"nofollow noopener\">barcsallas.hu<\/a><br \/><a href=\"https:\/\/batonyterenyeallas.hu\" target=\"_blank\" rel=\"nofollow noopener\">batonyterenyeallas.hu<\/a><br \/><a href=\"https:\/\/bekesallas.hu\" target=\"_blank\" rel=\"nofollow noopener\">bekesallas.hu<\/a><br \/><a href=\"https:\/\/bekescsabaallas.hu\" target=\"_blank\" rel=\"nofollow noopener\">bekescsabaallas.hu<\/a><br \/><a href=\"https:\/\/berettyoujfaluallas.hu\" target=\"_blank\" rel=\"nofollow noopener\">berettyoujfaluallas.hu<\/a><br \/><a href=\"https:\/\/biatorbagyallas.hu\" target=\"_blank\" rel=\"nofollow noopener\">biatorbagyallas.hu<\/a><br \/><a href=\"https:\/\/bicskeallas.hu\" target=\"_blank\" rel=\"nofollow noopener\">bicskeallas.hu<\/a><br \/><a href=\"https:\/\/bonyhadallas.hu\" target=\"_blank\" rel=\"nofollow noopener\">bonyhadallas.hu<\/a><br \/><a href=\"https:\/\/budakalaszallas.hu\" target=\"_blank\" rel=\"nofollow noopener\">budakalaszallas.hu<\/a><br \/><a href=\"https:\/\/budakesziallas.hu\" target=\"_blank\" rel=\"nofollow noopener\">budakesziallas.hu<\/a><br \/><a href=\"https:\/\/budaorsallas.hu\" target=\"_blank\" rel=\"nofollow noopener\">budaorsallas.hu<\/a><br \/><a href=\"https:\/\/budapestallas.hu\" target=\"_blank\" rel=\"nofollow noopener\">budapestallas.hu<\/a><br \/><a href=\"https:\/\/cegledallas.hu\" target=\"_blank\" rel=\"nofollow noopener\">cegledallas.hu<\/a><br \/><a href=\"https:\/\/celldomolkallas.hu\" target=\"_blank\" rel=\"nofollow noopener\">celldomolkallas.hu<\/a><br \/><a href=\"https:\/\/csongradallas.hu\" target=\"_blank\" rel=\"nofollow noopener\">csongradallas.hu<\/a><br \/><a href=\"https:\/\/csornaallas.hu\" target=\"_blank\" rel=\"nofollow noopener\">csornaallas.hu<\/a><br \/><a href=\"https:\/\/dabasallas.hu\" target=\"_blank\" rel=\"nofollow noopener\">dabasallas.hu<\/a><br \/><a href=\"https:\/\/debrecenallas.hu\" target=\"_blank\" rel=\"nofollow noopener\">debrecenallas.hu<\/a><br \/><a href=\"https:\/\/derecskeallas.hu\" target=\"_blank\" rel=\"nofollow noopener\">derecskeallas.hu<\/a><br \/><a href=\"https:\/\/devavanyaallas.hu\" target=\"_blank\" rel=\"nofollow noopener\">devavanyaallas.hu<\/a><br \/><a href=\"https:\/\/diosdallas.hu\" target=\"_blank\" rel=\"nofollow noopener\">diosdallas.hu<\/a><br \/><a href=\"https:\/\/dombovarallas.hu\" target=\"_blank\" rel=\"nofollow noopener\">dombovarallas.hu<\/a><br \/><a href=\"https:\/\/dorogallas.hu\" target=\"_blank\" rel=\"nofollow noopener\">dorogallas.hu<\/a><br \/><a href=\"https:\/\/dunafoldvarallas.hu\" target=\"_blank\" rel=\"nofollow noopener\">dunafoldvarallas.hu<\/a><br \/><a href=\"https:\/\/dunaharasztiallas.hu\" target=\"_blank\" rel=\"nofollow noopener\">dunaharasztiallas.hu<\/a><br \/><a href=\"https:\/\/dunakesziallas.hu\" target=\"_blank\" rel=\"nofollow noopener\">dunakesziallas.hu<\/a><br \/><a href=\"https:\/\/dunaujvarosallas.hu\" target=\"_blank\" rel=\"nofollow noopener\">dunaujvarosallas.hu<\/a><br \/><a href=\"https:\/\/edelenyallas.hu\" target=\"_blank\" rel=\"nofollow noopener\">edelenyallas.hu<\/a><br \/><a href=\"https:\/\/egerallas.hu\" target=\"_blank\" rel=\"nofollow noopener\">egerallas.hu<\/a><br \/><a href=\"https:\/\/ercsiallas.hu\" target=\"_blank\" rel=\"nofollow noopener\">ercsiallas.hu<\/a><br \/><a href=\"https:\/\/erdallas.hu\" target=\"_blank\" rel=\"nofollow noopener\">erdallas.hu<\/a><br \/><a href=\"https:\/\/esztergomallas.hu\" target=\"_blank\" rel=\"nofollow noopener\">esztergomallas.hu<\/a><br \/><a href=\"https:\/\/fehergyarmatallas.hu\" target=\"_blank\" rel=\"nofollow noopener\">fehergyarmatallas.hu<\/a><br \/><a href=\"https:\/\/fotallas.hu\" target=\"_blank\" rel=\"nofollow noopener\">fotallas.hu<\/a><br \/><a href=\"https:\/\/fuzesabonyallas.hu\" target=\"_blank\" rel=\"nofollow noopener\">fuzesabonyallas.hu<\/a><br \/><a href=\"https:\/\/gardonyallas.hu\" target=\"_blank\" rel=\"nofollow noopener\">gardonyallas.hu<\/a><br \/><a href=\"https:\/\/godallas.hu\" target=\"_blank\" rel=\"nofollow noopener\">godallas.hu<\/a><br \/><a href=\"https:\/\/godolloallas.hu\" target=\"_blank\" rel=\"nofollow noopener\">godolloallas.hu<\/a><br \/><a href=\"https:\/\/gyalallas.hu\" target=\"_blank\" rel=\"nofollow noopener\">gyalallas.hu<\/a><br \/><a href=\"https:\/\/gyomaendrodallas.hu\" target=\"_blank\" rel=\"nofollow noopener\">gyomaendrodallas.hu<\/a><br \/><a href=\"https:\/\/gyomroallas.hu\" target=\"_blank\" rel=\"nofollow noopener\">gyomroallas.hu<\/a><br \/><a href=\"https:\/\/gyongyosallas.hu\" target=\"_blank\" rel=\"nofollow noopener\">gyongyosallas.hu<\/a><br \/><a href=\"https:\/\/gyorallas.hu\" target=\"_blank\" rel=\"nofollow noopener\">gyorallas.hu<\/a><br \/><a href=\"https:\/\/gyulaallas.hu\" target=\"_blank\" rel=\"nofollow noopener\">gyulaallas.hu<\/a><br \/><a href=\"https:\/\/hajduboszormenyallas.hu\" target=\"_blank\" rel=\"nofollow noopener\">hajduboszormenyallas.hu<\/a><br \/><a href=\"https:\/\/hajdudorogallas.hu\" target=\"_blank\" rel=\"nofollow noopener\">hajdudorogallas.hu<\/a><br \/><a href=\"https:\/\/hajduhadhazallas.hu\" target=\"_blank\" rel=\"nofollow noopener\">hajduhadhazallas.hu<\/a><br \/><a href=\"https:\/\/hajdunanasallas.hu\" target=\"_blank\" rel=\"nofollow noopener\">hajdunanasallas.hu<\/a><br \/><a href=\"https:\/\/hajdusamsonallas.hu\" target=\"_blank\" rel=\"nofollow noopener\">hajdusamsonallas.hu<\/a><br \/><a href=\"https:\/\/hajduszoboszloallas.hu\" target=\"_blank\" rel=\"nofollow noopener\">hajduszoboszloallas.hu<\/a><br \/><a href=\"https:\/\/halasztelekallas.hu\" target=\"_blank\" rel=\"nofollow noopener\">halasztelekallas.hu<br \/><\/a><a href=\"https:\/\/hatvanallas.hu\" target=\"_blank\" rel=\"nofollow noopener\">hatvanallas.hu<\/a><a href=\"https:\/\/halasztelekallas.hu\" target=\"_blank\" rel=\"noopener\"><br \/><\/a><a href=\"https:\/\/hevesallas.hu\" target=\"_blank\" rel=\"nofollow noopener\">hevesallas.hu<\/a><\/div>\r\n<div class=\"col-md-4\"><a href=\"https:\/\/hodmezovasarhelyallas.hu\" target=\"_blank\" rel=\"nofollow noopener\">hodmezovasarhelyallas.hu<\/a><br \/><a href=\"https:\/\/hollandiaallas.hu\" target=\"_blank\" rel=\"nofollow noopener\">hollandiaallas.hu<\/a><br \/><a href=\"https:\/\/isaszegallas.hu\" target=\"_blank\" rel=\"nofollow noopener\">isaszegallas.hu<\/a><br \/><a href=\"https:\/\/janoshalmaallas.hu\" target=\"_blank\" rel=\"nofollow noopener\">janoshalmaallas.hu<\/a><br \/><a href=\"https:\/\/jaszapatiallas.hu\" target=\"_blank\" rel=\"nofollow noopener\">jaszapatiallas.hu<\/a><br \/><a href=\"https:\/\/jaszarokszallasallas.hu\" target=\"_blank\" rel=\"nofollow noopener\">jaszarokszallasallas.hu<\/a><br \/><a href=\"https:\/\/jaszberenyallas.hu\" target=\"_blank\" rel=\"nofollow noopener\">jaszberenyallas.hu<\/a><br \/><a href=\"https:\/\/jaszfenyszaruallas.hu\" target=\"_blank\" rel=\"nofollow noopener\">jaszfenyszaruallas.hu<\/a><br \/><a href=\"https:\/\/kalocsaallas.hu\" target=\"_blank\" rel=\"nofollow noopener\">kalocsaallas.hu<\/a><br \/><a href=\"https:\/\/kaposvarallas.hu\" target=\"_blank\" rel=\"nofollow noopener\">kaposvarallas.hu<\/a><br \/><a href=\"https:\/\/kapuvarallas.hu\" target=\"_blank\" rel=\"nofollow noopener\">kapuvarallas.hu<\/a><br \/><a href=\"https:\/\/karcagallas.hu\" target=\"_blank\" rel=\"nofollow noopener\">karcagallas.hu<\/a><br \/><a href=\"https:\/\/kazincbarcikaallas.hu\" target=\"_blank\" rel=\"nofollow noopener\">kazincbarcikaallas.hu<\/a><br \/><a href=\"https:\/\/kecelallas.hu\" target=\"_blank\" rel=\"nofollow noopener\">kecelallas.hu<\/a><br \/><a href=\"https:\/\/kecskemetallas.hu\" target=\"_blank\" rel=\"nofollow noopener\">kecskemetallas.hu<\/a><br \/><a href=\"https:\/\/kerepesallas.hu\" target=\"_blank\" rel=\"nofollow noopener\">kerepesallas.hu<\/a><br \/><a href=\"https:\/\/keszthelyallas.hu\" target=\"_blank\" rel=\"nofollow noopener\">keszthelyallas.hu<\/a><br \/><a href=\"https:\/\/kiskorosallas.hu\" target=\"_blank\" rel=\"nofollow noopener\">kiskorosallas.hu<\/a><br \/><a href=\"https:\/\/kiskunfelegyhazaallas.hu\" target=\"_blank\" rel=\"nofollow noopener\">kiskunfelegyhazaallas.hu<\/a><br \/><a href=\"https:\/\/kiskunhalasallas.hu\" target=\"_blank\" rel=\"nofollow noopener\">kiskunhalasallas.hu<\/a><br \/><a href=\"https:\/\/kiskunmajsaallas.hu\" target=\"_blank\" rel=\"nofollow noopener\">kiskunmajsaallas.hu<\/a><br \/><a href=\"https:\/\/kistarcsaallas.hu\" target=\"_blank\" rel=\"nofollow noopener\">kistarcsaallas.hu<\/a><br \/><a href=\"https:\/\/kisujszallasallas.hu\" target=\"_blank\" rel=\"nofollow noopener\">kisujszallasallas.hu<\/a><br \/><a href=\"https:\/\/kisvardaallas.hu\" target=\"_blank\" rel=\"nofollow noopener\">kisvardaallas.hu<\/a><br \/><a href=\"https:\/\/komaromallas.hu\" target=\"_blank\" rel=\"nofollow noopener\">komaromallas.hu<\/a><br \/><a href=\"https:\/\/komloallas.hu\" target=\"_blank\" rel=\"nofollow noopener\">komloallas.hu<\/a><br \/><a href=\"https:\/\/kormendallas.hu\" target=\"_blank\" rel=\"nofollow noopener\">kormendallas.hu<\/a><br \/><a href=\"https:\/\/koszegallas.hu\" target=\"_blank\" rel=\"nofollow noopener\">koszegallas.hu<\/a><br \/><a href=\"https:\/\/kulfoldi-allasok.hu\/\" target=\"_blank\" rel=\"nofollow noopener\">kulfoldi-allasok.hu<\/a><br \/><a href=\"https:\/\/kunhegyesallas.hu\" target=\"_blank\" rel=\"nofollow noopener\">kunhegyesallas.hu<\/a><br \/><a href=\"https:\/\/kunszentmartonallas.hu\" target=\"_blank\" rel=\"nofollow noopener\">kunszentmartonallas.hu<\/a><br \/><a href=\"https:\/\/kunszentmiklosallas.hu\" target=\"_blank\" rel=\"nofollow noopener\">kunszentmiklosallas.hu<\/a><br \/><a href=\"https:\/\/lajosmizseallas.hu\" target=\"_blank\" rel=\"nofollow noopener\">lajosmizseallas.hu<\/a><br \/><a href=\"https:\/\/lentiallas.hu\" target=\"_blank\" rel=\"nofollow noopener\">lentiallas.hu<\/a><br \/><a href=\"https:\/\/letavertesallas.hu\" target=\"_blank\" rel=\"nofollow noopener\">letavertesallas.hu<\/a><br \/><a href=\"https:\/\/maglodallas.hu\" target=\"_blank\" rel=\"nofollow noopener\">maglodallas.hu<\/a><br \/><a href=\"https:\/\/makoallas.hu\" target=\"_blank\" rel=\"nofollow noopener\">makoallas.hu<\/a><br \/><a href=\"https:\/\/marcaliallas.hu\" target=\"_blank\" rel=\"nofollow noopener\">marcaliallas.hu<\/a><br \/><a href=\"https:\/\/mateszalkaallas.hu\" target=\"_blank\" rel=\"nofollow noopener\">mateszalkaallas.hu<\/a><br \/><a href=\"https:\/\/mezoberenyallas.hu\" target=\"_blank\" rel=\"nofollow noopener\">mezoberenyallas.hu<\/a><br \/><a href=\"https:\/\/mezokovesdallas.hu\" target=\"_blank\" rel=\"nofollow noopener\">mezokovesdallas.hu<\/a><br \/><a href=\"https:\/\/mezoturallas.hu\" target=\"_blank\" rel=\"nofollow noopener\">mezoturallas.hu<\/a><br \/><a href=\"https:\/\/miskolcallas.hu\" target=\"_blank\" rel=\"nofollow noopener\">miskolcallas.hu<\/a><br \/><a href=\"https:\/\/mohacsallas.hu\" target=\"_blank\" rel=\"nofollow noopener\">mohacsallas.hu<\/a><br \/><a href=\"https:\/\/monorallas.hu\" target=\"_blank\" rel=\"nofollow noopener\">monorallas.hu<\/a><br \/><a href=\"https:\/\/morallas.hu\" target=\"_blank\" rel=\"nofollow noopener\">morallas.hu<\/a><br \/><a href=\"https:\/\/mosonmagyarovarallas.hu\" target=\"_blank\" rel=\"nofollow noopener\">mosonmagyarovarallas.hu<\/a><br \/><a href=\"https:\/\/nadudvarallas.hu\" target=\"_blank\" rel=\"nofollow noopener\">nadudvarallas.hu<\/a><br \/><a href=\"https:\/\/nagyatadallas.hu\" target=\"_blank\" rel=\"nofollow noopener\">nagyatadallas.hu<\/a><br \/><a href=\"https:\/\/nagykanizsaallas.hu\" target=\"_blank\" rel=\"nofollow noopener\">nagykanizsaallas.hu<\/a><br \/><a href=\"https:\/\/nagykataallas.hu\" target=\"_blank\" rel=\"nofollow noopener\">nagykataallas.hu<\/a><br \/><a href=\"https:\/\/nagykorosallas.hu\" target=\"_blank\" rel=\"nofollow noopener\">nagykorosallas.hu<\/a><br \/><a href=\"https:\/\/nemetorszagallas.hu\" target=\"_blank\" rel=\"nofollow noopener\">nemetorszagallas.hu<\/a><br \/><a href=\"https:\/\/nyergesujfaluallas.hu\" target=\"_blank\" rel=\"nofollow noopener\">nyergesujfaluallas.hu<\/a><br \/><a href=\"https:\/\/nyiradonyallas.hu\" target=\"_blank\" rel=\"nofollow noopener\">nyiradonyallas.hu<\/a><br \/><a href=\"https:\/\/nyirbatorallas.hu\" target=\"_blank\" rel=\"nofollow noopener\">nyirbatorallas.hu<\/a><br \/><a href=\"https:\/\/nyiregyhazaallas.hu\" target=\"_blank\" rel=\"nofollow noopener\">nyiregyhazaallas.hu<\/a><br \/><a href=\"https:\/\/ocsaallas.hu\" target=\"_blank\" rel=\"nofollow noopener\">ocsaallas.hu<\/a><br \/><a href=\"https:\/\/orbottyanallas.hu\" target=\"_blank\" rel=\"nofollow noopener\">orbottyanallas.hu<\/a><br \/><a href=\"https:\/\/oroshazaallas.hu\" target=\"_blank\" rel=\"nofollow noopener\">oroshazaallas.hu<\/a><br \/><a href=\"https:\/\/oroszlanyallas.hu\" target=\"_blank\" rel=\"nofollow noopener\">oroszlanyallas.hu<\/a><br \/><a href=\"https:\/\/ozdallas.hu\" target=\"_blank\" rel=\"nofollow noopener\">ozdallas.hu<\/a><br \/><a href=\"https:\/\/paksallas.hu\" target=\"_blank\" rel=\"nofollow noopener\">paksallas.hu<\/a><br \/><a href=\"https:\/\/papaallas.hu\" target=\"_blank\" rel=\"nofollow noopener\">papaallas.hu<\/a><br \/><a href=\"https:\/\/pasztoallas.hu\" target=\"_blank\" rel=\"nofollow noopener\">pasztoallas.hu<\/a><br \/><a href=\"https:\/\/pecelallas.hu\" target=\"_blank\" rel=\"nofollow noopener\">pecelallas.hu<\/a><\/div>\r\n<div class=\"col-md-4\"><a href=\"https:\/\/pecsallas.hu\" target=\"_blank\" rel=\"nofollow noopener\">pecsallas.hu<\/a><br \/><a href=\"https:\/\/pilisallas.hu\" target=\"_blank\" rel=\"nofollow noopener\">pilisallas.hu<\/a><br \/><a href=\"https:\/\/piliscsabaallas.hu\" target=\"_blank\" rel=\"nofollow noopener\">piliscsabaallas.hu<\/a><br \/><a href=\"https:\/\/pilisvorosvarallas.hu\" target=\"_blank\" rel=\"nofollow noopener\">pilisvorosvarallas.hu<\/a><br \/><a href=\"https:\/\/polgarallas.hu\" target=\"_blank\" rel=\"nofollow noopener\">polgarallas.hu<\/a><br \/><a href=\"https:\/\/pomazallas.hu\" target=\"_blank\" rel=\"nofollow noopener\">pomazallas.hu<\/a><br \/><a href=\"https:\/\/puspokladanyallas.hu\" target=\"_blank\" rel=\"nofollow noopener\">puspokladanyallas.hu<\/a><br \/><a href=\"https:\/\/rackeveallas.hu\" target=\"_blank\" rel=\"nofollow noopener\">rackeveallas.hu<\/a><br \/><a href=\"https:\/\/sajoszentpeterallas.hu\" target=\"_blank\" rel=\"nofollow noopener\">sajoszentpeterallas.hu<\/a><br \/><a href=\"https:\/\/salgotarjanallas.hu\" target=\"_blank\" rel=\"nofollow noopener\">salgotarjanallas.hu<\/a><br \/><a href=\"https:\/\/sandorfalvaallas.hu\" target=\"_blank\" rel=\"nofollow noopener\">sandorfalvaallas.hu<\/a><br \/><a href=\"https:\/\/sarbogardallas.hu\" target=\"_blank\" rel=\"nofollow noopener\">sarbogardallas.hu<\/a><br \/><a href=\"https:\/\/sarkadallas.hu\" target=\"_blank\" rel=\"nofollow noopener\">sarkadallas.hu<\/a><br \/><a href=\"https:\/\/sarospatakallas.hu\" target=\"_blank\" rel=\"nofollow noopener\">sarospatakallas.hu<\/a><br \/><a href=\"https:\/\/sarvarallas.hu\" target=\"_blank\" rel=\"nofollow noopener\">sarvarallas.hu<\/a><br \/><a href=\"https:\/\/satoraljaujhelyallas.hu\" target=\"_blank\" rel=\"nofollow noopener\">satoraljaujhelyallas.hu<\/a><br \/><a href=\"https:\/\/siklosallas.hu\" target=\"_blank\" rel=\"nofollow noopener\">siklosallas.hu<\/a><br \/><a href=\"https:\/\/siofokallas.hu\" target=\"_blank\" rel=\"nofollow noopener\">siofokallas.hu<\/a><br \/><a href=\"https:\/\/soltvadkertallas.hu\" target=\"_blank\" rel=\"nofollow noopener\">soltvadkertallas.hu<\/a><br \/><a href=\"https:\/\/solymarallas.hu\" target=\"_blank\" rel=\"nofollow noopener\">solymarallas.hu<\/a><br \/><a href=\"https:\/\/sopronallas.hu\" target=\"_blank\" rel=\"nofollow noopener\">sopronallas.hu<\/a><br \/><a href=\"https:\/\/sulysapallas.hu\" target=\"_blank\" rel=\"nofollow noopener\">sulysapallas.hu<\/a><br \/><a href=\"https:\/\/sumegallas.hu\" target=\"_blank\" rel=\"nofollow noopener\">sumegallas.hu<\/a><br \/><a href=\"https:\/\/szarvasallas.hu\" target=\"_blank\" rel=\"nofollow noopener\">szarvasallas.hu<\/a><br \/><a href=\"https:\/\/szazhalombattaallas.hu\" target=\"_blank\" rel=\"nofollow noopener\">szazhalombattaallas.hu<\/a><br \/><a href=\"https:\/\/szegedallas.hu\" target=\"_blank\" rel=\"nofollow noopener\">szegedallas.hu<\/a><br \/><a href=\"https:\/\/szegedallas.hu\" target=\"_blank\" rel=\"nofollow noopener\">szegediallas.hu<\/a><br \/><a href=\"https:\/\/szeghalomallas.hu\" target=\"_blank\" rel=\"nofollow noopener\">szeghalomallas.hu<\/a><br \/><a href=\"https:\/\/szekesfehervarallas.hu\" target=\"_blank\" rel=\"nofollow noopener\">szekesfehervarallas.hu<\/a><br \/><a href=\"https:\/\/szekszardallas.hu\" target=\"_blank\" rel=\"nofollow noopener\">szekszardallas.hu<\/a><br \/><a href=\"https:\/\/szentendreallas.hu\" target=\"_blank\" rel=\"nofollow noopener\">szentendreallas.hu<\/a><br \/><a href=\"https:\/\/szentesallas.hu\" target=\"_blank\" rel=\"nofollow noopener\">szentesallas.hu<\/a><br \/><a href=\"https:\/\/szentgotthardallas.hu\" target=\"_blank\" rel=\"nofollow noopener\">szentgotthardallas.hu<\/a><br \/><a href=\"https:\/\/szerencsmunka.hu\" target=\"_blank\" rel=\"nofollow noopener\">szerencsmunka.hu<\/a><br \/><a href=\"https:\/\/szigethalomallas.hu\" target=\"_blank\" rel=\"nofollow noopener\">szigethalomallas.hu<\/a><br \/><a href=\"https:\/\/szigetszentmiklosallas.hu\" target=\"_blank\" rel=\"nofollow noopener\">szigetszentmiklosallas.hu<\/a><br \/><a href=\"https:\/\/szigetvarallas.hu\" target=\"_blank\" rel=\"nofollow noopener\">szigetvarallas.hu<\/a><br \/><a href=\"https:\/\/szolnokallas.hu\" target=\"_blank\" rel=\"nofollow noopener\">szolnokallas.hu<\/a><br \/><a href=\"https:\/\/szombathelyallas.hu\" target=\"_blank\" rel=\"nofollow noopener\">szombathelyallas.hu<\/a><br \/><a href=\"https:\/\/tamasiallas.hu\" target=\"_blank\" rel=\"nofollow noopener\">tamasiallas.hu<\/a><br \/><a href=\"https:\/\/tapolcaallas.hu\" target=\"_blank\" rel=\"nofollow noopener\">tapolcaallas.hu<\/a><br \/><a href=\"https:\/\/tataallas.hu\" target=\"_blank\" rel=\"nofollow noopener\">tataallas.hu<\/a><br \/><a href=\"https:\/\/tatabanyaallas.hu\" target=\"_blank\" rel=\"nofollow noopener\">tatabanyaallas.hu<\/a><br \/><a href=\"https:\/\/tiszafoldvarallas.hu\" target=\"_blank\" rel=\"nofollow noopener\">tiszafoldvarallas.hu<\/a><br \/><a href=\"https:\/\/tiszafuredallas.hu\" target=\"_blank\" rel=\"nofollow noopener\">tiszafuredallas.hu<\/a><br \/><a href=\"https:\/\/tiszakecskeallas.hu\" target=\"_blank\" rel=\"nofollow noopener\">tiszakecskeallas.hu<\/a><br \/><a href=\"https:\/\/tiszaujvarosallas.hu\" target=\"_blank\" rel=\"nofollow noopener\">tiszaujvarosallas.hu<\/a><br \/><a href=\"https:\/\/tiszavasvariallas.hu\" target=\"_blank\" rel=\"nofollow noopener\">tiszavasvariallas.hu<\/a><br \/><a href=\"https:\/\/tokolallas.hu\" target=\"_blank\" rel=\"nofollow noopener\">tokolallas.hu<\/a><br \/><a href=\"https:\/\/tolnaallas.hu\" target=\"_blank\" rel=\"nofollow noopener\">tolnaallas.hu<\/a><br \/><a href=\"https:\/\/torokbalintallas.hu\" target=\"_blank\" rel=\"nofollow noopener\">torokbalintallas.hu<\/a><br \/><a href=\"https:\/\/torokszentmiklosallas.hu\" target=\"_blank\" rel=\"nofollow noopener\">torokszentmiklosallas.hu<\/a><br \/><a href=\"https:\/\/turaallas.hu\" target=\"_blank\" rel=\"nofollow noopener\">turaallas.hu<\/a><br \/><a href=\"https:\/\/turkeveallas.hu\" target=\"_blank\" rel=\"nofollow noopener\">turkeveallas.hu<\/a><br \/><a href=\"https:\/\/ujfehertoallas.hu\" target=\"_blank\" rel=\"nofollow noopener\">ujfehertoallas.hu<\/a><br \/><a href=\"https:\/\/ulloallas.hu\" target=\"_blank\" rel=\"nofollow noopener\">ulloallas.hu<\/a><br \/><a href=\"https:\/\/vacallas.hu\" target=\"_blank\" rel=\"nofollow noopener\">vacallas.hu<\/a><br \/><a href=\"https:\/\/varpalotaallas.hu\" target=\"_blank\" rel=\"nofollow noopener\">varpalotaallas.hu<\/a><br \/><a href=\"https:\/\/vasarosnamenyallas.hu\" target=\"_blank\" rel=\"nofollow noopener\">vasarosnamenyallas.hu<\/a><br \/><a href=\"https:\/\/vecsesallas.hu\" target=\"_blank\" rel=\"nofollow noopener\">vecsesallas.hu<\/a><br \/><a href=\"https:\/\/veresegyhazallas.hu\" target=\"_blank\" rel=\"nofollow noopener\">veresegyhazallas.hu<\/a><br \/><a href=\"https:\/\/veszpremallas.hu\" target=\"_blank\" rel=\"nofollow noopener\">veszpremallas.hu<\/a><br \/><a href=\"https:\/\/zalaegerszegallas.hu\" target=\"_blank\" rel=\"nofollow noopener\">zalaegerszegallas.hu<\/a><br \/><a href=\"https:\/\/zircallas.hu\" target=\"_blank\" rel=\"nofollow noopener\">zircallas.hu<\/a><\/div>\r\n<\/div>\r\n","protected":false},"excerpt":{"rendered":"<p>abonyallas.huajkaallas.hualbertirsaallas.huallasorias.huangliaallas.huaszodallas.huausztriaallas.hubajaallas.hubalassagyarmatallas.hubalatonalmadiallas.hubalatonboglarallas.hubalatonfuredallas.hubalmazujvarosallas.hubarcsallas.hubatonyterenyeallas.hubekesallas.hubekescsabaallas.huberettyoujfaluallas.hubiatorbagyallas.hubicskeallas.hubonyhadallas.hubudakalaszallas.hubudakesziallas.hubudaorsallas.hubudapestallas.hucegledallas.hucelldomolkallas.hucsongradallas.hucsornaallas.hudabasallas.hudebrecenallas.huderecskeallas.hudevavanyaallas.hudiosdallas.hudombovarallas.hudorogallas.hudunafoldvarallas.hudunaharasztiallas.hudunakesziallas.hudunaujvarosallas.huedelenyallas.huegerallas.huercsiallas.huerdallas.huesztergomallas.hufehergyarmatallas.hufotallas.hufuzesabonyallas.hugardonyallas.hugodallas.hugodolloallas.hugyalallas.hugyomaendrodallas.hugyomroallas.hugyongyosallas.hugyorallas.hugyulaallas.huhajduboszormenyallas.huhajdudorogallas.huhajduhadhazallas.huhajdunanasallas.huhajdusamsonallas.huhajduszoboszloallas.huhalasztelekallas.huhatvanallas.huhevesallas.hu hodmezovasarhelyallas.huhollandiaallas.huisaszegallas.hujanoshalmaallas.hujaszapatiallas.hujaszarokszallasallas.hujaszberenyallas.hujaszfenyszaruallas.hukalocsaallas.hukaposvarallas.hukapuvarallas.hukarcagallas.hukazincbarcikaallas.hukecelallas.hukecskemetallas.hukerepesallas.hukeszthelyallas.hukiskorosallas.hukiskunfelegyhazaallas.hukiskunhalasallas.hukiskunmajsaallas.hukistarcsaallas.hukisujszallasallas.hukisvardaallas.hukomaromallas.hukomloallas.hukormendallas.hukoszegallas.hukulfoldi-allasok.hukunhegyesallas.hukunszentmartonallas.hukunszentmiklosallas.hulajosmizseallas.hulentiallas.huletavertesallas.humaglodallas.humakoallas.humarcaliallas.humateszalkaallas.humezoberenyallas.humezokovesdallas.humezoturallas.humiskolcallas.humohacsallas.humonorallas.humorallas.humosonmagyarovarallas.hunadudvarallas.hunagyatadallas.hunagykanizsaallas.hunagykataallas.hunagykorosallas.hunemetorszagallas.hunyergesujfaluallas.hunyiradonyallas.hunyirbatorallas.hunyiregyhazaallas.huocsaallas.huorbottyanallas.huoroshazaallas.huoroszlanyallas.huozdallas.hupaksallas.hupapaallas.hupasztoallas.hupecelallas.hu pecsallas.hupilisallas.hupiliscsabaallas.hupilisvorosvarallas.hupolgarallas.hupomazallas.hupuspokladanyallas.hurackeveallas.husajoszentpeterallas.husalgotarjanallas.husandorfalvaallas.husarbogardallas.husarkadallas.husarospatakallas.husarvarallas.husatoraljaujhelyallas.husiklosallas.husiofokallas.husoltvadkertallas.husolymarallas.husopronallas.husulysapallas.husumegallas.huszarvasallas.huszazhalombattaallas.huszegedallas.huszegediallas.huszeghalomallas.huszekesfehervarallas.huszekszardallas.huszentendreallas.huszentesallas.huszentgotthardallas.huszerencsmunka.huszigethalomallas.huszigetszentmiklosallas.huszigetvarallas.huszolnokallas.huszombathelyallas.hutamasiallas.hutapolcaallas.hutataallas.hutatabanyaallas.hutiszafoldvarallas.hutiszafuredallas.hutiszakecskeallas.hutiszaujvarosallas.hutiszavasvariallas.hutokolallas.hutolnaallas.hutorokbalintallas.hutorokszentmiklosallas.huturaallas.huturkeveallas.huujfehertoallas.huulloallas.huvacallas.huvarpalotaallas.huvasarosnamenyallas.huvecsesallas.huveresegyhazallas.huveszpremallas.huzalaegerszegallas.huzircallas.hu<\/p>\n","protected":false},"author":1,"featured_media":0,"parent":0,"menu_order":0,"comment_status":"closed","ping_status":"closed","template":"","meta":{"om_disable_all_campaigns":false,"_monsterinsights_skip_tracking":false,"_monsterinsights_sitenote_active":false,"_monsterinsights_sitenote_note":"","_monsterinsights_sitenote_category":0,"footnotes":""},"class_list":["post-17","page","type-page","status-publish","hentry"],"aioseo_notices":[],"_links":{"self":[{"href":"https:\/\/itnav.hu\/allasoldalak\/wp-json\/wp\/v2\/pages\/17","targetHints":{"allow":["GET"]}}],"collection":[{"href":"https:\/\/itnav.hu\/allasoldalak\/wp-json\/wp\/v2\/pages"}],"about":[{"href":"https:\/\/itnav.hu\/allasoldalak\/wp-json\/wp\/v2\/types\/page"}],"author":[{"embeddable":true,"href":"https:\/\/itnav.hu\/allasoldalak\/wp-json\/wp\/v2\/users\/1"}],"replies":[{"embeddable":true,"href":"https:\/\/itnav.hu\/allasoldalak\/wp-json\/wp\/v2\/comments?post=17"}],"version-history":[{"count":20,"href":"https:\/\/itnav.hu\/allasoldalak\/wp-json\/wp\/v2\/pages\/17\/revisions"}],"predecessor-version":[{"id":274,"href":"https:\/\/itnav.hu\/allasoldalak\/wp-json\/wp\/v2\/pages\/17\/revisions\/274"}],"wp:attachment":[{"href":"https:\/\/itnav.hu\/allasoldalak\/wp-json\/wp\/v2\/media?parent=17"}],"curies":[{"name":"wp","href":"https:\/\/api.w.org\/{rel}","templated":true}]}}