{"id":15,"date":"2018-12-14T10:17:44","date_gmt":"2018-12-14T10:17:44","guid":{"rendered":"http:\/\/itnav.hu\/allasoldalak\/?page_id=15"},"modified":"2025-04-03T14:17:34","modified_gmt":"2025-04-03T14:17:34","slug":"miert-valasszon-minket","status":"publish","type":"page","link":"https:\/\/itnav.hu\/allasoldalak\/miert-valasszon-minket\/","title":{"rendered":"Mi\u00e9rt v\u00e1lasszon minket?"},"content":{"rendered":"<style>h3{color:white;}.miert-title-image{background-image:url(\/designe\/img\/miert\/title.png);overflow:hidden;background-position:center;background-size:cover;margin:40px 0;margin-top:0}.miert-title-background{max-width:640px;padding:20px;background-color:rgba(232,117,37,.6);transform:skew(-20deg);-ms-transform:skew(-20deg);-webkit-transform:skew(-20deg);margin-left:-100px}.miert-title-content{max-width:420px;color:#fff;font-size:18px;transform:skew(20deg);-ms-transform:skew(20deg);-webkit-transform:skew(20deg);margin-left:100px}.miert-title-content h3{font-size:40px;margin-bottom:28px;margin-top:28px}.miert-title-content p{margin-bottom:26px;line-height:26px}.miert-hiany-image{background-image:url(\/designe\/img\/miert\/hirdessen.jpg);overflow:hidden;background-position:center;background-size:cover;margin:40px 0;margin-top:0;height:420px;background-position-y:-50px;}.miert-hiany-background{background-color:rgba(7,143,210,0.37);transform:skew(20deg);-ms-transform:skew(20deg);-webkit-transform:skew(20deg);max-width:670px;margin-left:-130px;padding:20px}.miert-hiany-content{margin-left:130px;transform:skew(-20deg);-ms-transform:skew(-20deg);-webkit-transform:skew(-20deg);color:#fff;font-size:18px;max-width:420px}.miert-hiany-content h3{font-size:40px;margin-bottom:28px;margin-top:28px; line-height:1.2em;}.miert-hiany-content p{margin-bottom:26px;line-height:26px;height:450px;}.miert-helyben-image{background-image:url(\/designe\/img\/miert\/helyben.png);background-size:cover;background-position:center;margin:40px 0}.miert-helyben-background{max-width:550px;background-color:rgba(190,84,103,0.6);padding:20px}.miert-helyben-content{color:#fff;font-size:18px}.miert-helyben-content h3{font-size:40px;margin-bottom:28px;margin-top:28px}.miert-helyben-content p{margin-bottom:26px;line-height:26px}.miert-hirdessen-image{background-image:url(\/designe\/img\/miert\/video2.jpg);overflow:hidden;background-size:cover;background-position:center;margin:40px 0}.miert-hirdessen-background{background-color:rgba(196,74,107,.6);transform:skew(-30deg);-ms-transform:skew(-30deg);-webkit-transform:skew(-30deg);max-width:670px;margin-left:-130px;padding:20px}.miert-hirdessen-content{margin-left:130px;transform:skew(30deg);-ms-transform:skew(30deg);-webkit-transform:skew(30deg);color:#fff;font-size:18px;max-width:420px}.miert-hirdessen-content h3{font-size:40px;margin-bottom:28px;margin-top:28px}.miert-hirdessen-content p{margin-bottom:26px;line-height:26px}.miert-tegye-image{background-image:url(\/designe\/img\/miert\/tegye.png);overflow:hidden;background-size:cover;background-position:center;margin:40px 0}.miert-tegye-background{background-color:rgba(80,134,189,.6);max-width:550px;padding:20px}.miert-tegye-content{color:#fff;font-size:18px}.miert-tegye-content h3{font-size:40px;margin-bottom:28px;margin-top:28px}.miert-tegye-content p{margin-bottom:26px;line-height:26px}.miert-meg-image{background-image:url(\/designe\/img\/miert\/meg.png);overflow:hidden;background-size:cover;background-position:center;margin:40px 0}.miert-meg-background{background-color:rgba(232,117,37,.6);transform:skew(-20deg);-ms-transform:skew(-20deg);-webkit-transform:skew(-20deg);margin-left:-100px;max-width:680px;padding:20px}.miert-meg-content{transform:skew(20deg);-ms-transform:skew(20deg);-webkit-transform:skew(20deg);margin-left:100px;color:#fff;font-size:18px;max-width:492px}.miert-meg-content h3{font-size:40px;margin-bottom:28px;margin-top:28px}.miert-meg-content p{margin-bottom:26px;line-height:26px}.miert-meg-content p.meg-title{font-weight:700;margin-bottom:5px}.miert-meg-content p.meg-descr{margin-bottom:10px}.miert-regiszt-image{background-image:url(\/designe\/img\/miert\/regiszt.png);background-size:cover;background-position:center;display:table;width:100%;margin:40px 0}.miert-regiszt-background{background-color:rgba(80,134,189,.6);float:right;max-width:550px}.miert-regiszt-content{color:#fff;font-size:18px;padding:20px;text-align:right;padding-left:100px}.miert-regiszt-content h3{font-size:40px;margin-bottom:28px;margin-top:28px}.miert-regiszt-content p{margin-bottom:26px;line-height:26px}.miert-regiszt-content p a{color:#fff;text-decoration:underline}.miert-ismerje-background h3{color:#c44a6b;font-size:40px;margin-bottom:28px;margin-top:28px}.miert-ismerje-background{text-align:center;background-color:#fff;padding:10px}.miert-ismerje-background img{max-width:100%}@media (max-width:500px){.miert-hiany-background,.miert-hiany-content,.miert-hirdessen-background,.miert-hirdessen-content,.miert-meg-background,.miert-meg-content,.miert-title-background,.miert-title-content{transform:skew(0);-ms-transform:skew(0);-webkit-transform:skew(0)}.miert-regiszt-content{text-align:left;padding-left:20px}}<\/style>\n<div class=\"row\">\n<div class=\"miert-title-image\">\n<div class=\"miert-title-background\">\n<div class=\"miert-title-content\">\n<h3>200 helyi weboldal<\/h3>\n<p>\u00c1ll\u00e1skeres\u0151 weboldalainkat 2010-ben ind\u00edtottuk el. Jelenleg 200 db region\u00e1lisan c\u00e9lzott magyarorsz\u00e1gi \u00e1ll\u00e1sk\u00f6zvet\u00edt\u0151 oldalt \u00fczemeltet\u00fcnk.<\/p>\n<p>\u00dcgyfeleinkkel \u00e9s partnereinkkel szoros kapcsolatban \u00e1llunk, hogy mindig a maximumot ny\u00fajthassuk.<\/p>\n<\/div>\n<\/div>\n<\/div>\n<div class=\"miert-regiszt-image\">\n<div class=\"miert-regiszt-background\">\n<div class=\"miert-regiszt-content\">\n<h3>Regisztr\u00e1ljon k\u00f6nnyed\u00e9n!<\/h3>\n<p><a href=\"https:\/\/egerallas.hu\/regisztracio\" target=\"_blank\" rel=\"noopener\">Regisztr\u00e1ci\u00f3j\u00e1t<\/a> p\u00e1r l\u00e9p\u00e9sben elv\u00e9gezheti az oldalon.<br \/>\nSaj\u00e1t fi\u00f3kj\u00e1ban kezelheti hirdet\u00e9seit, bek\u00fcldheti, t\u00f6r\u00f6lheti vagy ak\u00e1r \u00fajra is aktiv\u00e1lhatja \u0151ket b\u00e1rmelyik jelenleg m\u0171k\u00f6d\u0151 weboldalunkra.<\/p>\n<\/div>\n<\/div>\n<\/div>\n<div class=\"miert-helyben-image\">\n<div class=\"miert-helyben-background\">\n<div class=\"miert-helyben-content\">\n<h3>Helyben jelen vagyunk:<\/h3>\n<p>Sz\u00e1mos weboldalunk els\u0151 a keres\u00e9si tal\u00e1lati list\u00e1ban a helyi \u00e1ll\u00e1skeres\u0151 kulcsszavakra.<br \/>\nAz \u00e1ll\u00e1skeres\u0151k k\u00f6nnyen megtal\u00e1lj\u00e1k a helyi munkalehet\u0151s\u00e9geket weblapjainkon.<\/p>\n<\/div>\n<\/div>\n<\/div>\n<div class=\"miert-hiany-image\">\n<div class=\"miert-hiany-background\">\n<div class=\"miert-hiany-content\">\n<h3>Hirdessen gyorsan \u00e9s egyszer\u0171en!<\/h3>\n<p>V\u00e1lassza a 30 napos hirdet\u00e9si lehet\u0151s\u00e9get a hat\u00e9konys\u00e1g n\u00f6vel\u00e9se \u00e9rdek\u00e9ben!<\/p>\n<\/div>\n<\/div>\n<\/div>\n<div class=\"miert-hirdessen-image\">\n<div class=\"miert-hirdessen-background\">\n<div class=\"miert-hirdessen-content\">\n<h3>Vide\u00f3s el\u0151sz\u0171r\u00e9s!<\/h3>\n<p>\u00c1ll\u00e1shirdet\u0151 partner\u00fcnk?<br \/>\nEl\u00e9rhet\u0151 a vide\u00f3s el\u0151sz\u0171r\u00e9s funkci\u00f3!<\/p>\n<p><strong><br \/>\nK\u00f6nny\u00edtse meg a kiv\u00e1laszt\u00e1st,<br \/>\nfogadjon vide\u00f3s jelentkez\u00e9seket!<br \/>\n<\/strong><\/p>\n<\/div>\n<\/div>\n<\/div>\n<div class=\"miert-tegye-image\">\n<div class=\"miert-tegye-background\">\n<div class=\"miert-tegye-content\">\n<h3>Tegye hat\u00e9konyabb\u00e1 hirdet\u00e9s\u00e9t!<\/h3>\n<p>Weblapunkon lehet\u0151s\u00e9ge van Megyei vagy Orsz\u00e1gos hirdet\u00e9st feladni a nagyobb el\u00e9rhet\u0151s\u00e9g \u00e9rdek\u00e9ben.<\/p>\n<p>V\u00e1laszthat Start, Business, Enterprise aj\u00e1nlataink k\u00f6z\u00fcl.<\/p>\n<\/div>\n<\/div>\n<\/div>\n<div class=\"miert-meg-image\">\n<div class=\"miert-meg-background\">\n<div class=\"miert-meg-content\">\n<h3>M\u00e9g t\u00f6bb jelentkez\u0151t szeretne?<\/h3>\n<p class=\"meg-title\">H\u00edrlev\u00e9l k\u00fcld\u00e9s:<\/p>\n<p class=\"meg-descr\">Ahol a hirdet\u00e9sek c\u00e9lzottan ker\u00fclnek kik\u00fcld\u00e9sre a feliratkoz\u00f3knak.<\/p>\n<p class=\"meg-title\">Enterprise weboldal kiemel\u00e9s:<\/p>\n<p class=\"meg-descr\">F\u0151oldalon \u00e9s az oldal keres\u0151j\u00e9ben is fix fels\u0151 megjelen\u00e9st biztos\u00edtunk.<\/p>\n<p class=\"meg-title\">Facebook fel\u00fclr\u00f6gz\u00edt\u00e9s vagy fizetett kiemel\u00e9s:<\/p>\n<p class=\"meg-descr\">Hirdet\u00e9se Facebook oldalunk legels\u0151 hirdet\u00e9sek\u00e9nt jelenik meg, amennyiben ez foglalt, \u00fagy Mi ind\u00edtunk r\u00e1 egy fizetett Facebook kamp\u00e1nyt.<\/p>\n<\/div>\n<\/div>\n<\/div>\n<div class=\"miert-ismerje-background\">\n<div>\n<h3>Ismerje meg \u00e1ll\u00e1soldalainkat!<\/h3>\n<p><img loading=\"lazy\" decoding=\"async\" class=\"alignnone\" src=\"\/designe\/img\/miert\/old.png\" alt=\"V\u00e1rosokhoz tartoz\u00f3 \u00e1ll\u00e1soldalaink t\u00e9rk\u00e9pen\" width=\"619\" height=\"382\" \/><\/p>\n<\/div>\n<\/div>\n<\/div>\n","protected":false},"excerpt":{"rendered":"<p>200 helyi weboldal \u00c1ll\u00e1skeres\u0151 weboldalainkat 2010-ben ind\u00edtottuk el. Jelenleg 200 db region\u00e1lisan c\u00e9lzott magyarorsz\u00e1gi \u00e1ll\u00e1sk\u00f6zvet\u00edt\u0151 oldalt \u00fczemeltet\u00fcnk. \u00dcgyfeleinkkel \u00e9s partnereinkkel szoros kapcsolatban \u00e1llunk, hogy mindig a maximumot ny\u00fajthassuk. Regisztr\u00e1ljon k\u00f6nnyed\u00e9n! Regisztr\u00e1ci\u00f3j\u00e1t p\u00e1r l\u00e9p\u00e9sben elv\u00e9gezheti az oldalon. Saj\u00e1t fi\u00f3kj\u00e1ban kezelheti hirdet\u00e9seit, bek\u00fcldheti, t\u00f6r\u00f6lheti vagy ak\u00e1r \u00fajra is aktiv\u00e1lhatja \u0151ket b\u00e1rmelyik jelenleg m\u0171k\u00f6d\u0151 weboldalunkra. Helyben jelen vagyunk: [&hellip;]<\/p>\n","protected":false},"author":1,"featured_media":0,"parent":0,"menu_order":0,"comment_status":"closed","ping_status":"closed","template":"","meta":{"om_disable_all_campaigns":false,"_monsterinsights_skip_tracking":false,"_monsterinsights_sitenote_active":false,"_monsterinsights_sitenote_note":"","_monsterinsights_sitenote_category":0,"footnotes":""},"class_list":["post-15","page","type-page","status-publish","hentry"],"aioseo_notices":[],"_links":{"self":[{"href":"https:\/\/itnav.hu\/allasoldalak\/wp-json\/wp\/v2\/pages\/15","targetHints":{"allow":["GET"]}}],"collection":[{"href":"https:\/\/itnav.hu\/allasoldalak\/wp-json\/wp\/v2\/pages"}],"about":[{"href":"https:\/\/itnav.hu\/allasoldalak\/wp-json\/wp\/v2\/types\/page"}],"author":[{"embeddable":true,"href":"https:\/\/itnav.hu\/allasoldalak\/wp-json\/wp\/v2\/users\/1"}],"replies":[{"embeddable":true,"href":"https:\/\/itnav.hu\/allasoldalak\/wp-json\/wp\/v2\/comments?post=15"}],"version-history":[{"count":38,"href":"https:\/\/itnav.hu\/allasoldalak\/wp-json\/wp\/v2\/pages\/15\/revisions"}],"predecessor-version":[{"id":269,"href":"https:\/\/itnav.hu\/allasoldalak\/wp-json\/wp\/v2\/pages\/15\/revisions\/269"}],"wp:attachment":[{"href":"https:\/\/itnav.hu\/allasoldalak\/wp-json\/wp\/v2\/media?parent=15"}],"curies":[{"name":"wp","href":"https:\/\/api.w.org\/{rel}","templated":true}]}}